{"id":18,"date":"2019-04-07T16:37:51","date_gmt":"2019-04-07T16:37:51","guid":{"rendered":"https:\/\/www.bodyforming-magni.de\/?page_id=18"},"modified":"2020-08-02T11:25:18","modified_gmt":"2020-08-02T11:25:18","slug":"kryo","status":"publish","type":"page","link":"https:\/\/www.bodyforming-magni.de\/?page_id=18","title":{"rendered":"Kryolipolyse"},"content":{"rendered":"\n<p><strong>Kryolipolyse<\/strong> ist eine kosmetische K\u00e4lteanwendung, die Fettgewebe vermindern kann. Diese Methode ist nicht-invasiv. <\/p>\n\n\n\n<p>Eine Fettstelle wird etwa eine Stunde lang unterk\u00fchlt. Die Haut wird dabei eingesaugt. Dabei kommt es zu einer k\u00e4lteinduzierten Gewebeentz\u00fcndung, nach der die Dicke der oberfl\u00e4chlichen Fettgewebeschicht um 10\u201325&nbsp;% verringert sein kann.<\/p>\n\n\n\n<figure class=\"wp-block-image\"><img loading=\"lazy\" decoding=\"async\" width=\"960\" height=\"540\" src=\"https:\/\/www.bodyforming-magni.de\/wp-content\/uploads\/2019\/04\/29542853_2132085836818456_4377826526628937728_n.jpg\" alt=\"\" class=\"wp-image-92\" srcset=\"https:\/\/www.bodyforming-magni.de\/wp-content\/uploads\/2019\/04\/29542853_2132085836818456_4377826526628937728_n.jpg 960w, https:\/\/www.bodyforming-magni.de\/wp-content\/uploads\/2019\/04\/29542853_2132085836818456_4377826526628937728_n-300x169.jpg 300w, https:\/\/www.bodyforming-magni.de\/wp-content\/uploads\/2019\/04\/29542853_2132085836818456_4377826526628937728_n-768x432.jpg 768w, https:\/\/www.bodyforming-magni.de\/wp-content\/uploads\/2019\/04\/29542853_2132085836818456_4377826526628937728_n-370x208.jpg 370w\" sizes=\"auto, (max-width: 960px) 100vw, 960px\" \/><\/figure>\n\n\n\n<p>Nach der Behandlung k\u00f6nnen als Nebenwirkungen Bluterg\u00fcsse, Hautr\u00f6tungen und Taubheitsgef\u00fchle der Haut auftreten. Diese Nebenwirkungen halten in den meisten F\u00e4llen nicht l\u00e4nger als eine Woche an. <\/p>\n\n\n\n<p><strong>In folgenden F\u00e4llen ist eine Kryolipolyse-Behandlung nicht anwendbar:<\/strong><\/p>\n\n\n\n<ul class=\"wp-block-list\"><li>Erkrankungen des Fettgewebes<\/li><li>stark \u00fcbergewichtige Personen<\/li><li>K\u00e4ltekrankheit<\/li><li>Schwangerschaft<\/li><li>Nesselsucht<\/li><li>Wunden<\/li><li>Blutungen<\/li><li>frische Narben<\/li><li>s\u00e4mtliche Bluterkrankungen (z. B. Thrombose, Homophilie)<\/li><\/ul>\n\n\n\n<p>Eine R\u00fccksprache mit dem Arzt ist insbesondere bei z. B. Diabetes  erforderlich.<br>Weiterhin darf die komplette Woche vor Behandlungsbeginn kein entz\u00fcndungshemmender Wirkstoff (Ibuprofen, Voltaren, Aspirin, blutverd\u00fcnnende Medikamente) eingenommen werden.<br>Grunds\u00e4tzlich gilt nach der Behandlung die Vermeidung direkter Sonne.<\/p>\n\n\n\n<p>Diese Behandlung wird nur mit schriftlicher Einwilligung und nach einen ausf\u00fchrlichen Beratungsgespr\u00e4ch durchgef\u00fchrt. <\/p>\n\n\n\n<p style=\"color:#a51b72\" class=\"has-text-color\"><strong><em>Es sind in der Regel mehrere Sitzungen notwendig. <\/em><\/strong><\/p>\n","protected":false},"excerpt":{"rendered":"<p>Kryolipolyse ist eine kosmetische K\u00e4lteanwendung, die Fettgewebe vermindern kann. Diese Methode ist nicht-invasiv. Eine Fettstelle wird etwa eine Stunde lang unterk\u00fchlt. Die Haut wird dabei eingesaugt. Dabei kommt es zu einer k\u00e4lteinduzierten Gewebeentz\u00fcndung, nach der[&#8230;]<\/p>\n","protected":false},"author":1,"featured_media":0,"parent":0,"menu_order":0,"comment_status":"closed","ping_status":"closed","template":"","meta":{"footnotes":""},"class_list":["post-18","page","type-page","status-publish","hentry"],"_links":{"self":[{"href":"https:\/\/www.bodyforming-magni.de\/index.php?rest_route=\/wp\/v2\/pages\/18","targetHints":{"allow":["GET"]}}],"collection":[{"href":"https:\/\/www.bodyforming-magni.de\/index.php?rest_route=\/wp\/v2\/pages"}],"about":[{"href":"https:\/\/www.bodyforming-magni.de\/index.php?rest_route=\/wp\/v2\/types\/page"}],"author":[{"embeddable":true,"href":"https:\/\/www.bodyforming-magni.de\/index.php?rest_route=\/wp\/v2\/users\/1"}],"replies":[{"embeddable":true,"href":"https:\/\/www.bodyforming-magni.de\/index.php?rest_route=%2Fwp%2Fv2%2Fcomments&post=18"}],"version-history":[{"count":10,"href":"https:\/\/www.bodyforming-magni.de\/index.php?rest_route=\/wp\/v2\/pages\/18\/revisions"}],"predecessor-version":[{"id":258,"href":"https:\/\/www.bodyforming-magni.de\/index.php?rest_route=\/wp\/v2\/pages\/18\/revisions\/258"}],"wp:attachment":[{"href":"https:\/\/www.bodyforming-magni.de\/index.php?rest_route=%2Fwp%2Fv2%2Fmedia&parent=18"}],"curies":[{"name":"wp","href":"https:\/\/api.w.org\/{rel}","templated":true}]}}