{"id":2,"date":"2019-01-18T13:21:18","date_gmt":"2019-01-18T13:21:18","guid":{"rendered":"https:\/\/www.bodyforming-magni.de\/?page_id=2"},"modified":"2021-05-20T13:03:54","modified_gmt":"2021-05-20T13:03:54","slug":"start","status":"publish","type":"page","link":"https:\/\/www.bodyforming-magni.de\/","title":{"rendered":"Herzlich Willkommen in deinem Studio Bodyforming im Magni!"},"content":{"rendered":"\n<p class=\"has-text-align-center\">Willkommen in deinem Studio f\u00fcr K\u00f6rper, Geist und Seele.<\/p>\n\n\n\n<p class=\"has-text-align-center\">Mein Name ist Katja B\u00f6der und mir liegt deine seelische Balance und dein k\u00f6rperliches Wohlbefinden am Herzen. <\/p>\n\n\n\n<p class=\"has-text-align-center\">Hiermit lade ich dich in mein Studio ein, damit wir uns gemeinsam um dich und deine ganzheitlichen Bed\u00fcrfnisse k\u00fcmmern k\u00f6nnen.<\/p>\n\n\n\n<hr class=\"wp-block-separator\"\/>\n\n\n\n<div class=\"wp-block-image\"><figure class=\"aligncenter is-resized\"><img loading=\"lazy\" decoding=\"async\" src=\"https:\/\/www.bodyforming-magni.de\/wp-content\/uploads\/2019\/04\/bodymagni_transparent-682x1024.png\" alt=\"\" class=\"wp-image-14\" width=\"158\" height=\"237\" srcset=\"https:\/\/www.bodyforming-magni.de\/wp-content\/uploads\/2019\/04\/bodymagni_transparent-682x1024.png 682w, https:\/\/www.bodyforming-magni.de\/wp-content\/uploads\/2019\/04\/bodymagni_transparent-200x300.png 200w, https:\/\/www.bodyforming-magni.de\/wp-content\/uploads\/2019\/04\/bodymagni_transparent-768x1152.png 768w, https:\/\/www.bodyforming-magni.de\/wp-content\/uploads\/2019\/04\/bodymagni_transparent-370x555.png 370w, https:\/\/www.bodyforming-magni.de\/wp-content\/uploads\/2019\/04\/bodymagni_transparent-1040x1560.png 1040w, https:\/\/www.bodyforming-magni.de\/wp-content\/uploads\/2019\/04\/bodymagni_transparent.png 1181w\" sizes=\"auto, (max-width: 158px) 100vw, 158px\" \/><\/figure><\/div>\n\n\n\n<p class=\"has-text-align-center\"><strong>Bodyforming im Magni GmbH <\/strong><br>0172 &#8211; 644 73 13<br>info@bodyforming-magni.de<\/p>\n\n\n\n<hr class=\"wp-block-separator\"\/>\n\n\n\n<h3 class=\"has-text-align-center wp-block-heading\">\u00d6ffnungszeiten<\/h3>\n\n\n\n<figure class=\"wp-block-table aligncenter\"><table><tbody><tr><td><strong>Montag<\/strong><\/td><td>Ruhetag<\/td><\/tr><tr><td><strong>Dienstag<\/strong><\/td><td>11:00 Uhr \u2013 18:00 Uhr<\/td><\/tr><tr><td><strong>Mittwoch<\/strong><\/td><td>11:00 Uhr \u2013 18:00 Uhr<\/td><\/tr><tr><td><strong>Donnerstag<\/strong><\/td><td>11:00 Uhr \u2013 18:00 Uhr<\/td><\/tr><tr><td><strong>Freitag<\/strong><\/td><td>11:00 Uhr \u2013 18:00 Uhr<\/td><\/tr><tr><td><strong>Samstag<\/strong><\/td><td>geschlossen<\/td><\/tr><tr><td><strong>Sonntag<\/strong><\/td><td>geschlossen<\/td><\/tr><\/tbody><\/table><\/figure>\n\n\n\n<hr class=\"wp-block-separator\"\/>\n\n\n\n<p class=\"has-text-align-center\">Termine nach Vereinbarung und auf Anfrage.<\/p>\n\n\n\n<div class=\"wp-block-image\"><figure class=\"aligncenter size-large is-resized\"><img loading=\"lazy\" decoding=\"async\" src=\"https:\/\/www.bodyforming-magni.de\/wp-content\/uploads\/2020\/08\/2c5cc9ae-6cb3-4815-ab1f-9d74fcd9f8f1-1-825x1024.jpg\" alt=\"\" class=\"wp-image-178\" width=\"348\" height=\"431\" srcset=\"https:\/\/www.bodyforming-magni.de\/wp-content\/uploads\/2020\/08\/2c5cc9ae-6cb3-4815-ab1f-9d74fcd9f8f1-1-825x1024.jpg 825w, https:\/\/www.bodyforming-magni.de\/wp-content\/uploads\/2020\/08\/2c5cc9ae-6cb3-4815-ab1f-9d74fcd9f8f1-1-242x300.jpg 242w, https:\/\/www.bodyforming-magni.de\/wp-content\/uploads\/2020\/08\/2c5cc9ae-6cb3-4815-ab1f-9d74fcd9f8f1-1-768x953.jpg 768w, https:\/\/www.bodyforming-magni.de\/wp-content\/uploads\/2020\/08\/2c5cc9ae-6cb3-4815-ab1f-9d74fcd9f8f1-1-370x459.jpg 370w, https:\/\/www.bodyforming-magni.de\/wp-content\/uploads\/2020\/08\/2c5cc9ae-6cb3-4815-ab1f-9d74fcd9f8f1-1.jpg 893w\" sizes=\"auto, (max-width: 348px) 100vw, 348px\" \/><\/figure><\/div>\n\n\n\n<p class=\"has-text-align-center has-text-color\" style=\"color:#9a1498;font-size:17px\"><strong>Nimm dir Zeit f\u00fcr dich!<\/strong><\/p>\n\n\n\n<div style=\"height:35px\" aria-hidden=\"true\" class=\"wp-block-spacer\"><\/div>\n\n\n\n<p class=\"has-text-align-center\"><a href=\"https:\/\/www.instagram.com\/katjaboeder\/\">https:\/\/www.instagram.com\/katjaboeder\/<\/a><\/p>\n\n\n\n<p class=\"has-text-align-center\"><a href=\"https:\/\/www.facebook.com\/katja.boder\/\">https:\/\/www.facebook.com\/katja.boder\/<\/a><\/p>\n","protected":false},"excerpt":{"rendered":"<p>Willkommen in deinem Studio f\u00fcr K\u00f6rper, Geist und Seele. Mein Name ist Katja B\u00f6der und mir liegt deine seelische Balance und dein k\u00f6rperliches Wohlbefinden am Herzen. Hiermit lade ich dich in mein Studio ein, damit[&#8230;]<\/p>\n","protected":false},"author":1,"featured_media":0,"parent":0,"menu_order":0,"comment_status":"closed","ping_status":"closed","template":"","meta":{"footnotes":""},"class_list":["post-2","page","type-page","status-publish","hentry"],"_links":{"self":[{"href":"https:\/\/www.bodyforming-magni.de\/index.php?rest_route=\/wp\/v2\/pages\/2","targetHints":{"allow":["GET"]}}],"collection":[{"href":"https:\/\/www.bodyforming-magni.de\/index.php?rest_route=\/wp\/v2\/pages"}],"about":[{"href":"https:\/\/www.bodyforming-magni.de\/index.php?rest_route=\/wp\/v2\/types\/page"}],"author":[{"embeddable":true,"href":"https:\/\/www.bodyforming-magni.de\/index.php?rest_route=\/wp\/v2\/users\/1"}],"replies":[{"embeddable":true,"href":"https:\/\/www.bodyforming-magni.de\/index.php?rest_route=%2Fwp%2Fv2%2Fcomments&post=2"}],"version-history":[{"count":34,"href":"https:\/\/www.bodyforming-magni.de\/index.php?rest_route=\/wp\/v2\/pages\/2\/revisions"}],"predecessor-version":[{"id":274,"href":"https:\/\/www.bodyforming-magni.de\/index.php?rest_route=\/wp\/v2\/pages\/2\/revisions\/274"}],"wp:attachment":[{"href":"https:\/\/www.bodyforming-magni.de\/index.php?rest_route=%2Fwp%2Fv2%2Fmedia&parent=2"}],"curies":[{"name":"wp","href":"https:\/\/api.w.org\/{rel}","templated":true}]}}