{"id":20,"date":"2019-04-07T16:37:51","date_gmt":"2019-04-07T16:37:51","guid":{"rendered":"https:\/\/www.bodyforming-magni.de\/?page_id=20"},"modified":"2020-08-02T11:23:37","modified_gmt":"2020-08-02T11:23:37","slug":"ipl","status":"publish","type":"page","link":"https:\/\/www.bodyforming-magni.de\/?page_id=20","title":{"rendered":"IPL (Dauerhafte Haarentfernung)"},"content":{"rendered":"\n<p class=\"has-background has-text-align-center has-small-font-size has-very-light-gray-background-color\">An die M\u00e4nner da drau\u00dfen: <br>In diesem Studio sind auch M\u00e4nner bez\u00fcglich jeder Zone herzlich Willkommen!<\/p>\n\n\n\n<figure class=\"wp-block-image\"><img loading=\"lazy\" decoding=\"async\" width=\"960\" height=\"540\" src=\"https:\/\/www.bodyforming-magni.de\/wp-content\/uploads\/2019\/04\/29541878_2132085736818466_7198862614028353536_n.jpg\" alt=\"\" class=\"wp-image-93\" srcset=\"https:\/\/www.bodyforming-magni.de\/wp-content\/uploads\/2019\/04\/29541878_2132085736818466_7198862614028353536_n.jpg 960w, https:\/\/www.bodyforming-magni.de\/wp-content\/uploads\/2019\/04\/29541878_2132085736818466_7198862614028353536_n-300x169.jpg 300w, https:\/\/www.bodyforming-magni.de\/wp-content\/uploads\/2019\/04\/29541878_2132085736818466_7198862614028353536_n-768x432.jpg 768w, https:\/\/www.bodyforming-magni.de\/wp-content\/uploads\/2019\/04\/29541878_2132085736818466_7198862614028353536_n-370x208.jpg 370w\" sizes=\"auto, (max-width: 960px) 100vw, 960px\" \/><figcaption>IPL<\/figcaption><\/figure>\n\n\n\n<p class=\"has-text-align-center\"><strong>Wichtig vorab<\/strong>: Bitte immer nur vom Fachpersonal ausf\u00fchren lassen die\/der sich mit Haut und Haaren auskennen wie z.B. Friseurinnen oder Kosmetikerinnen. Bei Katja im Studio wird diese Behandlung 100% vom Fachpersonal durchgef\u00fchrt.<br>Wer auf eingewachsene Haare und regelm\u00e4\u00dfige Entz\u00fcndungen verzichten m\u00f6chte, f\u00fcr den ist die IPL Laserbehandlung genau das Richtige.<br><\/p>\n\n\n\n<h2 class=\"has-text-align-center wp-block-heading\">Was bedeutet IPL? <\/h2>\n\n\n\n<h3 class=\"has-text-align-center wp-block-heading\"><strong>Intensiv gepulstes Licht<\/strong><\/h3>\n\n\n\n<p class=\"has-text-align-center\">Blitzlampen \u00fcbertragen durch das im Haar befindliche Melanin Lichtimpulse bis hinunter in die Matrix.<br>Das Melanin absorbiert das Licht und wandelt es in W\u00e4rme um bis zu 70 Grad. Durch die Erhitzung ver\u00f6det die Wurzel. Also ist Melanin der Leiter. Wenn das Haar in der Wachstumsphase ist, f\u00e4llt es nach einigen Tagen aus.<\/p>\n\n\n\n<p class=\"has-text-align-center has-small-font-size\">Achtung: <em>Rote und wei\u00dfe Haare verf\u00fcgen nicht \u00fcber Melanin, sondern nur \u00fcber Keratin.<\/em><\/p>\n\n\n\n<p class=\"has-text-align-center\">W\u00e4hrend der Ruhephase des Haares ist eine Ver\u00f6dung des Haares nicht m\u00f6glich.<br>Daher ist es wichtig 1x im Monat zur IPL Behandlung zu gehen. Die Dauer einer Erfolgreichen Haarentfernung liegt zwischen 10 und 20 Anwendungen.<\/p>\n\n\n\n<blockquote class=\"wp-block-quote has-text-align-center is-layout-flow wp-block-quote-is-layout-flow\"><p>Es ist meiner Meinung nach, nach wie vor das effektivste was es unter Haarentfernung gibt.<\/p><cite>Katja B\u00f6der<\/cite><\/blockquote>\n\n\n\n<div class=\"wp-block-image\"><figure class=\"aligncenter size-large is-resized\"><img loading=\"lazy\" decoding=\"async\" src=\"https:\/\/www.bodyforming-magni.de\/wp-content\/uploads\/2020\/08\/07_20180419_115940-1024x532.png\" alt=\"\" class=\"wp-image-197\" width=\"580\" height=\"301\" srcset=\"https:\/\/www.bodyforming-magni.de\/wp-content\/uploads\/2020\/08\/07_20180419_115940-1024x532.png 1024w, https:\/\/www.bodyforming-magni.de\/wp-content\/uploads\/2020\/08\/07_20180419_115940-300x156.png 300w, https:\/\/www.bodyforming-magni.de\/wp-content\/uploads\/2020\/08\/07_20180419_115940-768x399.png 768w, https:\/\/www.bodyforming-magni.de\/wp-content\/uploads\/2020\/08\/07_20180419_115940-370x192.png 370w, https:\/\/www.bodyforming-magni.de\/wp-content\/uploads\/2020\/08\/07_20180419_115940-1040x541.png 1040w, https:\/\/www.bodyforming-magni.de\/wp-content\/uploads\/2020\/08\/07_20180419_115940.png 1079w\" sizes=\"auto, (max-width: 580px) 100vw, 580px\" \/><\/figure><\/div>\n\n\n\n<p style=\"color:#96127a;font-size:15px\" class=\"has-text-color has-text-align-center\"><strong><em>Haarfreier K\u00f6rper, ohne eingewachsene Haare und st\u00e4ndiger, l\u00e4stiger Rasur! Ein Traum!<\/em><\/strong><\/p>\n","protected":false},"excerpt":{"rendered":"<p>An die M\u00e4nner da drau\u00dfen: In diesem Studio sind auch M\u00e4nner bez\u00fcglich jeder Zone herzlich Willkommen! Wichtig vorab: Bitte immer nur vom Fachpersonal ausf\u00fchren lassen die\/der sich mit Haut und Haaren auskennen wie z.B. Friseurinnen[&#8230;]<\/p>\n","protected":false},"author":1,"featured_media":0,"parent":0,"menu_order":0,"comment_status":"closed","ping_status":"closed","template":"","meta":{"footnotes":""},"class_list":["post-20","page","type-page","status-publish","hentry"],"_links":{"self":[{"href":"https:\/\/www.bodyforming-magni.de\/index.php?rest_route=\/wp\/v2\/pages\/20","targetHints":{"allow":["GET"]}}],"collection":[{"href":"https:\/\/www.bodyforming-magni.de\/index.php?rest_route=\/wp\/v2\/pages"}],"about":[{"href":"https:\/\/www.bodyforming-magni.de\/index.php?rest_route=\/wp\/v2\/types\/page"}],"author":[{"embeddable":true,"href":"https:\/\/www.bodyforming-magni.de\/index.php?rest_route=\/wp\/v2\/users\/1"}],"replies":[{"embeddable":true,"href":"https:\/\/www.bodyforming-magni.de\/index.php?rest_route=%2Fwp%2Fv2%2Fcomments&post=20"}],"version-history":[{"count":8,"href":"https:\/\/www.bodyforming-magni.de\/index.php?rest_route=\/wp\/v2\/pages\/20\/revisions"}],"predecessor-version":[{"id":257,"href":"https:\/\/www.bodyforming-magni.de\/index.php?rest_route=\/wp\/v2\/pages\/20\/revisions\/257"}],"wp:attachment":[{"href":"https:\/\/www.bodyforming-magni.de\/index.php?rest_route=%2Fwp%2Fv2%2Fmedia&parent=20"}],"curies":[{"name":"wp","href":"https:\/\/api.w.org\/{rel}","templated":true}]}}