{"id":22,"date":"2019-04-07T16:37:52","date_gmt":"2019-04-07T16:37:52","guid":{"rendered":"https:\/\/www.bodyforming-magni.de\/?page_id=22"},"modified":"2020-08-02T11:22:39","modified_gmt":"2020-08-02T11:22:39","slug":"ballancer","status":"publish","type":"page","link":"https:\/\/www.bodyforming-magni.de\/?page_id=22","title":{"rendered":"Ballancer"},"content":{"rendered":"\n<p class=\"has-text-align-center\"><strong>Stresskiller<br>Entw\u00e4sserer<br>Wohlf\u00fchlproduzierer <\/strong><\/p>\n\n\n\n<hr class=\"wp-block-separator\"\/>\n\n\n\n<div class=\"wp-block-media-text alignwide\"><figure class=\"wp-block-media-text__media\"><img loading=\"lazy\" decoding=\"async\" width=\"960\" height=\"540\" src=\"https:\/\/www.bodyforming-magni.de\/wp-content\/uploads\/2019\/04\/29512140_2132085666818473_1158024492690178048_n.jpg\" alt=\"\" class=\"wp-image-96\" srcset=\"https:\/\/www.bodyforming-magni.de\/wp-content\/uploads\/2019\/04\/29512140_2132085666818473_1158024492690178048_n.jpg 960w, https:\/\/www.bodyforming-magni.de\/wp-content\/uploads\/2019\/04\/29512140_2132085666818473_1158024492690178048_n-300x169.jpg 300w, https:\/\/www.bodyforming-magni.de\/wp-content\/uploads\/2019\/04\/29512140_2132085666818473_1158024492690178048_n-768x432.jpg 768w, https:\/\/www.bodyforming-magni.de\/wp-content\/uploads\/2019\/04\/29512140_2132085666818473_1158024492690178048_n-370x208.jpg 370w\" sizes=\"auto, (max-width: 960px) 100vw, 960px\" \/><\/figure><div class=\"wp-block-media-text__content\">\n<p>Dieses Ger\u00e4t kann den Abbau von Cellulite f\u00f6rdern, sowie den Umfang reduzieren. Es kann den Stoffwechsel anregen und steigern.<\/p>\n<\/div><\/div>\n\n\n\n<hr class=\"wp-block-separator\"\/>\n\n\n\n<p class=\"has-text-align-center\">Durch die spezielle Massage des Lymphgewebes wird das Lymphsystem angeregt. Gift, Schlacke und&nbsp; \u00fcbersch\u00fcssiges Wasser kann damit optimal ausgesp\u00fclt werden.<br>Auch hilft diese Anwendung wunderbar bei Wasseransammlungen w\u00e4hrend der Schwangerschaft.<br><\/p>\n\n\n\n<hr class=\"wp-block-separator\"\/>\n\n\n\n<p class=\"has-text-align-center\">Der Ballancer wird auch bei Lip\u00f6dem und Lymph\u00f6dem eingesetzt und kann bei regelm\u00e4\u00dfiger Anwendung Linderung verschaffen. <\/p>\n\n\n\n<hr class=\"wp-block-separator\"\/>\n\n\n\n<p style=\"color:#881072\" class=\"has-text-color has-text-align-center\"><strong><em>Unsere Kunden als auch wir sind begeisterte Anwender. <\/em><\/strong><\/p>\n\n\n\n<hr class=\"wp-block-separator\"\/>\n\n\n\n<p><br><\/p>\n","protected":false},"excerpt":{"rendered":"<p>StresskillerEntw\u00e4ssererWohlf\u00fchlproduzierer Dieses Ger\u00e4t kann den Abbau von Cellulite f\u00f6rdern, sowie den Umfang reduzieren. Es kann den Stoffwechsel anregen und steigern. Durch die spezielle Massage des Lymphgewebes wird das Lymphsystem angeregt. Gift, Schlacke und&nbsp; \u00fcbersch\u00fcssiges Wasser[&#8230;]<\/p>\n","protected":false},"author":1,"featured_media":0,"parent":0,"menu_order":0,"comment_status":"closed","ping_status":"closed","template":"","meta":{"footnotes":""},"class_list":["post-22","page","type-page","status-publish","hentry"],"_links":{"self":[{"href":"https:\/\/www.bodyforming-magni.de\/index.php?rest_route=\/wp\/v2\/pages\/22","targetHints":{"allow":["GET"]}}],"collection":[{"href":"https:\/\/www.bodyforming-magni.de\/index.php?rest_route=\/wp\/v2\/pages"}],"about":[{"href":"https:\/\/www.bodyforming-magni.de\/index.php?rest_route=\/wp\/v2\/types\/page"}],"author":[{"embeddable":true,"href":"https:\/\/www.bodyforming-magni.de\/index.php?rest_route=\/wp\/v2\/users\/1"}],"replies":[{"embeddable":true,"href":"https:\/\/www.bodyforming-magni.de\/index.php?rest_route=%2Fwp%2Fv2%2Fcomments&post=22"}],"version-history":[{"count":7,"href":"https:\/\/www.bodyforming-magni.de\/index.php?rest_route=\/wp\/v2\/pages\/22\/revisions"}],"predecessor-version":[{"id":255,"href":"https:\/\/www.bodyforming-magni.de\/index.php?rest_route=\/wp\/v2\/pages\/22\/revisions\/255"}],"wp:attachment":[{"href":"https:\/\/www.bodyforming-magni.de\/index.php?rest_route=%2Fwp%2Fv2%2Fmedia&parent=22"}],"curies":[{"name":"wp","href":"https:\/\/api.w.org\/{rel}","templated":true}]}}