{"id":235,"date":"2020-08-02T11:12:14","date_gmt":"2020-08-02T11:12:14","guid":{"rendered":"https:\/\/www.bodyforming-magni.de\/?page_id=235"},"modified":"2021-05-20T12:47:50","modified_gmt":"2021-05-20T12:47:50","slug":"energetische-heilerin","status":"publish","type":"page","link":"https:\/\/www.bodyforming-magni.de\/?page_id=235","title":{"rendered":"Energetische, ganzheitliche Heilerin"},"content":{"rendered":"\n<div class=\"wp-block-image\"><figure class=\"aligncenter size-large is-resized\"><img loading=\"lazy\" decoding=\"async\" src=\"https:\/\/www.bodyforming-magni.de\/wp-content\/uploads\/2021\/05\/015c9c2e-9ee5-4d1c-a76c-5338e1cec639-829x1024.jpg\" alt=\"\" class=\"wp-image-263\" width=\"403\" height=\"498\" srcset=\"https:\/\/www.bodyforming-magni.de\/wp-content\/uploads\/2021\/05\/015c9c2e-9ee5-4d1c-a76c-5338e1cec639-829x1024.jpg 829w, https:\/\/www.bodyforming-magni.de\/wp-content\/uploads\/2021\/05\/015c9c2e-9ee5-4d1c-a76c-5338e1cec639-243x300.jpg 243w, https:\/\/www.bodyforming-magni.de\/wp-content\/uploads\/2021\/05\/015c9c2e-9ee5-4d1c-a76c-5338e1cec639-768x949.jpg 768w, https:\/\/www.bodyforming-magni.de\/wp-content\/uploads\/2021\/05\/015c9c2e-9ee5-4d1c-a76c-5338e1cec639-370x457.jpg 370w, https:\/\/www.bodyforming-magni.de\/wp-content\/uploads\/2021\/05\/015c9c2e-9ee5-4d1c-a76c-5338e1cec639.jpg 873w\" sizes=\"auto, (max-width: 403px) 100vw, 403px\" \/><\/figure><\/div>\n\n\n\n<p class=\"has-text-align-center\" style=\"font-size:19px\"><strong>Katja B\u00f6der, Mentalcoach und Lifecoach, Spirituelle Lebensberatung<\/strong><\/p>\n\n\n\n<p class=\"has-text-align-center\" style=\"font-size:25px\"><em><strong><span style=\"color:#a3006a\" class=\"has-inline-color\">Stelle Dich Deinen \u00c4ngsten und wage den Neustart mit meinem einzigartigen &#8222;Whispering of Soul Coaching&#8220;<\/span><\/strong><\/em><\/p>\n\n\n\n<p><\/p>\n\n\n\n<p>Expertin f\u00fcr: <\/p>\n\n\n\n<ul class=\"wp-block-list\"><li>\u00c4ngste\/ Depressionen als Potential erkennen und neu durchstarten<\/li><li>Ahnenarbeit \/ Kontakt mit den lieben Verstorbenen \/ Trauerarbeit<\/li><li>Selbstliebe \/ Selbstverantwortlichkeit \/ Selbstwert<\/li><li>Seelenvertr\u00e4ge aufl\u00f6sen<\/li><li>inneres Kindarbeit<\/li><li>Energiearbeit<\/li><li>Arbeit mit dem alleingeboren Zwilling<\/li><li>Deep Chakra Clearing<\/li><li>Bildreading, auch zu verschenken<\/li><li>Meditationen<\/li><li>Spezielle Drachenmeditation f\u00fcr Gro\u00dfe und Kleine<\/li><\/ul>\n\n\n\n<p>Wie ich Dich unterst\u00fctze:Ich unterst\u00fctze Dich dabei, alte Muster und Blockaden zu erkennen und aufzul\u00f6sen, damit Du wieder ganz in Deiner Liebe, Kraft und in Deinem Urvertrauen ankommst. Du erm\u00f6glichst Dir dadurch wieder ein Leben in Freude, Liebe und Leichtigkeit.Handbremsen gilt es zu l\u00f6sen und neue Ziele zu definieren, die Du in k\u00fcrzester Zeit erreichst. <\/p>\n\n\n\n<p>Denn Deine Handbremsen sind es, die Dich bewusst oder unbewusst von Deinem Traumleben abhalten. Von der Opferhaltung in die Selbstverantwortung.Ich zeige Dir Deine gro\u00dfe, wahre Identit\u00e4t, die Dir bislang verborgen blieb. Mit deinem Drachen an deiner Seite ist noch so viel mehr m\u00f6glich.Alte, seelische Wunden, Verletzungen und \u00c4ngste aus vergangenen Leben werden wir gemeinsam aufl\u00f6sen. Dadurch bekommst Du eine v\u00f6llig neue Klarheit. Wir nutzen Deine \u00c4ngste als Chance f\u00fcr einen Neustart, damit Du Deine wahre Gr\u00f6\u00dfe leben und lieben kannst. Sehr gern begleite ich Dich auf dieser spannenden, wundervollen Reise zu Dir.<strong>30 Minuten telefonisches Impulsgespr\u00e4ch gratis! Mobil: 01726447313<\/strong><\/p>\n\n\n\n<p><\/p>\n\n\n\n<div class=\"wp-block-image\"><figure class=\"aligncenter size-large is-resized\"><img loading=\"lazy\" decoding=\"async\" src=\"https:\/\/www.bodyforming-magni.de\/wp-content\/uploads\/2021\/05\/2078380d-6671-4ac4-9eef-fc197cff18a3-768x1024.jpg\" alt=\"\" class=\"wp-image-264\" width=\"455\" height=\"607\" srcset=\"https:\/\/www.bodyforming-magni.de\/wp-content\/uploads\/2021\/05\/2078380d-6671-4ac4-9eef-fc197cff18a3-768x1024.jpg 768w, https:\/\/www.bodyforming-magni.de\/wp-content\/uploads\/2021\/05\/2078380d-6671-4ac4-9eef-fc197cff18a3-225x300.jpg 225w, https:\/\/www.bodyforming-magni.de\/wp-content\/uploads\/2021\/05\/2078380d-6671-4ac4-9eef-fc197cff18a3-1152x1536.jpg 1152w, https:\/\/www.bodyforming-magni.de\/wp-content\/uploads\/2021\/05\/2078380d-6671-4ac4-9eef-fc197cff18a3-370x493.jpg 370w, https:\/\/www.bodyforming-magni.de\/wp-content\/uploads\/2021\/05\/2078380d-6671-4ac4-9eef-fc197cff18a3-1040x1387.jpg 1040w, https:\/\/www.bodyforming-magni.de\/wp-content\/uploads\/2021\/05\/2078380d-6671-4ac4-9eef-fc197cff18a3.jpg 1200w\" sizes=\"auto, (max-width: 455px) 100vw, 455px\" \/><\/figure><\/div>\n\n\n\n<p><\/p>\n","protected":false},"excerpt":{"rendered":"<p>Katja B\u00f6der, Mentalcoach und Lifecoach, Spirituelle Lebensberatung Stelle Dich Deinen \u00c4ngsten und wage den Neustart mit meinem einzigartigen &#8222;Whispering of Soul Coaching&#8220; Expertin f\u00fcr: \u00c4ngste\/ Depressionen als Potential erkennen und neu durchstarten Ahnenarbeit \/ Kontakt[&#8230;]<\/p>\n","protected":false},"author":1,"featured_media":0,"parent":0,"menu_order":0,"comment_status":"closed","ping_status":"closed","template":"","meta":{"footnotes":""},"class_list":["post-235","page","type-page","status-publish","hentry"],"_links":{"self":[{"href":"https:\/\/www.bodyforming-magni.de\/index.php?rest_route=\/wp\/v2\/pages\/235","targetHints":{"allow":["GET"]}}],"collection":[{"href":"https:\/\/www.bodyforming-magni.de\/index.php?rest_route=\/wp\/v2\/pages"}],"about":[{"href":"https:\/\/www.bodyforming-magni.de\/index.php?rest_route=\/wp\/v2\/types\/page"}],"author":[{"embeddable":true,"href":"https:\/\/www.bodyforming-magni.de\/index.php?rest_route=\/wp\/v2\/users\/1"}],"replies":[{"embeddable":true,"href":"https:\/\/www.bodyforming-magni.de\/index.php?rest_route=%2Fwp%2Fv2%2Fcomments&post=235"}],"version-history":[{"count":4,"href":"https:\/\/www.bodyforming-magni.de\/index.php?rest_route=\/wp\/v2\/pages\/235\/revisions"}],"predecessor-version":[{"id":265,"href":"https:\/\/www.bodyforming-magni.de\/index.php?rest_route=\/wp\/v2\/pages\/235\/revisions\/265"}],"wp:attachment":[{"href":"https:\/\/www.bodyforming-magni.de\/index.php?rest_route=%2Fwp%2Fv2%2Fmedia&parent=235"}],"curies":[{"name":"wp","href":"https:\/\/api.w.org\/{rel}","templated":true}]}}